{"id":164,"date":"2016-04-19T09:07:00","date_gmt":"2016-04-19T09:07:00","guid":{"rendered":"http:\/\/demo.acmethemes.com\/infinite-photography\/?page_id=128"},"modified":"2026-02-14T10:20:08","modified_gmt":"2026-02-14T10:20:08","slug":"yritys","status":"publish","type":"page","link":"https:\/\/luontokartoituskorpisuo.fi\/fi\/yritys\/","title":{"rendered":"Yritys"},"content":{"rendered":"\n<div class=\"wp-block-group\"><div class=\"wp-block-group__inner-container is-layout-constrained wp-block-group-is-layout-constrained\">\n<div class=\"wp-block-columns is-layout-flex wp-container-core-columns-is-layout-9d6595d7 wp-block-columns-is-layout-flex\">\n<div class=\"wp-block-column is-layout-flow wp-block-column-is-layout-flow\" style=\"flex-basis:100%\"><\/div>\n<\/div>\n<\/div><\/div>\n\n\n\n<section id=\"gm8940a3f\" class=\"wp-block-gutentor-m4 section-gm8940a3f gutentor-module gutentor-advanced-columns has-color-bg has-custom-bg\"><div class=\"grid-container\"><div class=\"grid-row\">\n<div id=\"col-gm29a341\" class=\"wp-block-gutentor-m4-col col-gm29a341 gutentor-single-column  grid-lg-5 grid-md-12 grid-12\"><div id=\"section-gm29a341\" class=\"section-gm29a341 gutentor-col-wrap\">\n<section id=\"gm38b4783\" class=\"wp-block-gutentor-m2 section-gm38b4783 gutentor-module gutentor-dynamic-columns\"><div class=\"grid-container gutentor-rm-ct-space\"><div class=\"grid-row\">\n<div id=\"col-gm9ed33a\" class=\"wp-block-gutentor-m2-col col-gm9ed33a gutentor-module gutentor-dynamic-single-column grid-lg-12 grid-md-6 grid-6\"><div id=\"section-gm9ed33a\" class=\"section-gm9ed33a gutentor-single-col\">\n<div id=\"section-gaddb12\" class=\"wp-block-gutentor-e6 section-gaddb12 gutentor-element gutentor-element-image\"><div class=\"gutentor-element-image-box\"><div class=\"gutentor-image-thumb\"><img decoding=\"async\" class=\"normal-image\" src=\"https:\/\/luontokartoituskorpisuo.fi\/fi\/wp-content\/uploads\/2026\/01\/20260130_123011.jpg\" \/><\/div><\/div><\/div>\n<\/div><\/div>\n<\/div><\/div><\/section>\n<\/div><\/div>\n\n\n\n<div id=\"col-gmc89bec\" class=\"wp-block-gutentor-m4-col col-gmc89bec gutentor-single-column  grid-lg-7 grid-md-12 grid-12\"><div id=\"section-gmc89bec\" class=\"section-gmc89bec gutentor-col-wrap\">\n<p>Luontokartoitus Korpisuo on vuoden 2026 alussa rekister\u00f6ity aputoiminimi. Riitta Korpisuo on valmistunut Liviasta luontokartoittajaksi (EAT) joulukuussa 2025. Aiemmalta koulutukseltaan Riitta on yritt\u00e4j\u00e4 ja ymp\u00e4rist\u00f6nhoitaja.<\/p>\n\n\n\n<p><strong>Opintoihinsa liittyv\u00e4t itsen\u00e4iset selvitykset Riitta teki seuraavasti:<\/strong><\/p>\n\n\n\n<p>Selvitys vuollejokisimpukan esiintymisest\u00e4 Porvoonjoen Henttalankoskella ja Hiirkoskella 2025 tuleviin ennallistamissuunnitelmiin liittyen. It\u00e4-Uudenmaan ja Porvoonjoen vesien- ja ilmansuojeluyhdistys ry.<\/p>\n\n\n\n<p>Elisaaren laidunalueen luontotyyppiselvitys 2025. Uudenmaan ELY-keskus \/ Rissun Retket.<\/p>\n\n\n\n<p>Elisaaren laidunalueen luonnonhoitosuunnitelma 2025. Uudenmaan ELY-keskus \/ Rissun Retket.<\/p>\n\n\n\n<p>Elisaaren laidunten luonnonhoitosuunnitelman 2025 vaikustusarviointi. Uudenmaan ELY-keskus \/ Rissun Retket.<\/p>\n\n\n\n<p><\/p>\n\n\n\n<p><strong>MIT\u00c4 LUONTOKARTOITTAJA TEKEE?<\/strong><\/p>\n\n\n\n<p><strong>Luontokartoittaja<\/strong>\u00a0on asiantuntija, joka tekee maastohavaintoja luontotyypeist\u00e4 sek\u00e4 kasveista, eliolajeista ja niiden elinymp\u00e4rist\u00f6ist\u00e4 hy\u00f6dynt\u00e4en paikkatietoa. Luontokartoittaja suunnittelee maastoty\u00f6t  ja raportoi tulokset. Ty\u00f6 edellytt\u00e4\u00e4 luonnon monimuotoisuuden ymm\u00e4rt\u00e4mist\u00e4 ja vahvaa lajituntemusta sek\u00e4 kyky\u00e4 arvioida luontoarvoja. <\/p>\n\n\n\n<h3 class=\"wp-block-heading\">Riitta Korpisuo<\/h3>\n\n\n\n<p class=\"has-medium-font-size\">Luontokartoittaja (EAT) <\/p>\n\n\n\n<p>Vuolteenmets\u00e4ntie 31<\/p>\n\n\n\n<p>04600 M\u00e4nts\u00e4l\u00e4<\/p>\n\n\n\n<p>s-posti: riitta (at) luontokartoituskorpisuo.fi<\/p>\n\n\n\n<p>puhelin: 040 7215 615<\/p>\n\n\n\n<p>Y-tunnus 2609008-3 (Luontokartoitus Korpisuo on SaiRak Oy:n aputoiminimi)<\/p>\n\n\n\n<section id=\"gme1fdf1c\" class=\"wp-block-gutentor-m2 section-gme1fdf1c gutentor-module gutentor-dynamic-columns\"><div class=\"grid-container gutentor-rm-ct-space\"><div class=\"grid-row\">\n<div id=\"col-g-den3den\" class=\"wp-block-gutentor-m2-col col-g-den3den gutentor-module gutentor-dynamic-single-column grid-lg-12 grid-md-6 grid-12\"><div id=\"section-g-den3den\" class=\"section-g-den3den gutentor-single-col\"><\/div><\/div>\n<\/div><\/div><\/section>\n<\/div><\/div>\n<\/div><\/div><\/section>\n","protected":false},"excerpt":{"rendered":"","protected":false},"author":1,"featured_media":0,"parent":0,"menu_order":0,"comment_status":"closed","ping_status":"closed","template":"","meta":{"footnotes":""},"class_list":["post-164","page","type-page","status-publish","hentry"],"_links":{"self":[{"href":"https:\/\/luontokartoituskorpisuo.fi\/fi\/wp-json\/wp\/v2\/pages\/164","targetHints":{"allow":["GET"]}}],"collection":[{"href":"https:\/\/luontokartoituskorpisuo.fi\/fi\/wp-json\/wp\/v2\/pages"}],"about":[{"href":"https:\/\/luontokartoituskorpisuo.fi\/fi\/wp-json\/wp\/v2\/types\/page"}],"author":[{"embeddable":true,"href":"https:\/\/luontokartoituskorpisuo.fi\/fi\/wp-json\/wp\/v2\/users\/1"}],"replies":[{"embeddable":true,"href":"https:\/\/luontokartoituskorpisuo.fi\/fi\/wp-json\/wp\/v2\/comments?post=164"}],"version-history":[{"count":20,"href":"https:\/\/luontokartoituskorpisuo.fi\/fi\/wp-json\/wp\/v2\/pages\/164\/revisions"}],"predecessor-version":[{"id":536,"href":"https:\/\/luontokartoituskorpisuo.fi\/fi\/wp-json\/wp\/v2\/pages\/164\/revisions\/536"}],"wp:attachment":[{"href":"https:\/\/luontokartoituskorpisuo.fi\/fi\/wp-json\/wp\/v2\/media?parent=164"}],"curies":[{"name":"wp","href":"https:\/\/api.w.org\/{rel}","templated":true}]}}