{"id":401,"date":"2026-01-30T18:11:34","date_gmt":"2026-01-30T18:11:34","guid":{"rendered":"https:\/\/luontokartoituskorpisuo.fi\/fi\/?page_id=401"},"modified":"2026-02-19T19:12:16","modified_gmt":"2026-02-19T19:12:16","slug":"etusivu","status":"publish","type":"page","link":"https:\/\/luontokartoituskorpisuo.fi\/fi\/","title":{"rendered":"Etusivu"},"content":{"rendered":"\n<p><\/p>\n\n\n\n<section id=\"section-3a3e5976-cbef-49c2-9b03-140e5a45a28f\" class=\"wp-block-gutentor-image-slider gutentor-section gutentor-image-slider imageSlider-template1\"><div class=\"gutentor-grid-item-wrap\"><div class=\"gutentor-slider-wrapper\" data-dots=\"true\" data-arrows=\"true\" data-infinite=\"false\" data-nextarrow=\"fas fa-angle-right\" data-prevarrow=\"fas fa-angle-left\" data-autoplay=\"true\" data-autoplayspeed=\"8333\" data-fade=\"true\" data-speed=\"900\"><div class=\"gutentor-slider-item\"><div class=\"gutentor-single-item gutentor-single-item-0\"><div class=\"gutentor-single-item-wrap\"><div class=\"gutentor-single-item-image-box\"><div class=\"gutentor-bg-image\"><\/div><\/div><div class=\"gutentor-single-item-content\"><div class=\"grid-container\"><div class=\"slider-caption text-center\"><h3 class=\"gutentor-single-item-title\">LUONTOKARTOITUS KORPISUO<\/h3><p class=\"gutentor-single-item-desc\"><a href=\"https:\/\/luontokartoituskorpisuo.fi\/fi\/luontotyyppiselvitykset\/\">Luontotyyppiselvitykset<\/a><br><br><a href=\"https:\/\/luontokartoituskorpisuo.fi\/fi\/lajistoselvitykset\/\" data-type=\"page\" data-id=\"464\">Lajistoselvitykset<\/a><br><br><a href=\"https:\/\/luontokartoituskorpisuo.fi\/fi\/luonnonhoitosuunnitelmat\/\" data-type=\"page\" data-id=\"470\">Luonnonhoitosuunnitelmat<\/a><\/p><\/div><\/div><\/div><\/div><\/div><\/div><div class=\"gutentor-slider-item\"><div class=\"gutentor-single-item gutentor-single-item-1\"><div class=\"gutentor-single-item-wrap\"><div class=\"gutentor-single-item-image-box\"><div class=\"gutentor-bg-image\"><\/div><\/div><div class=\"gutentor-single-item-content\"><div class=\"grid-container\"><div class=\"slider-caption text-center\"><h3 class=\"gutentor-single-item-title\">LUONTOKARTOITUS KORPISUO<\/h3><p class=\"gutentor-single-item-desc\"><a href=\"https:\/\/luontokartoituskorpisuo.fi\/fi\/luontotyyppiselvitykset\/\">Luontotyyppiselvitykset<\/a><br><br><a href=\"https:\/\/luontokartoituskorpisuo.fi\/fi\/lajistoselvitykset\/\" data-type=\"page\" data-id=\"464\">Lajistoselvitykset<\/a><br><br><a href=\"https:\/\/luontokartoituskorpisuo.fi\/fi\/luonnonhoitosuunnitelmat\/\" data-type=\"page\" data-id=\"470\">Luonnonhoitosuunnitelmat<\/a><\/p><\/div><\/div><\/div><\/div><\/div><\/div><div class=\"gutentor-slider-item\"><div class=\"gutentor-single-item gutentor-single-item-2\"><div class=\"gutentor-single-item-wrap\"><div class=\"gutentor-single-item-image-box\"><div class=\"gutentor-bg-image\"><\/div><\/div><div class=\"gutentor-single-item-content\"><div class=\"grid-container\"><div class=\"slider-caption text-center\"><h3 class=\"gutentor-single-item-title\">LUONTOKARTOITUS KORPISUO<\/h3><p class=\"gutentor-single-item-desc\"><a href=\"https:\/\/luontokartoituskorpisuo.fi\/fi\/luontotyyppiselvitykset\/\">Luontotyyppiselvitykset<\/a><br><br><a href=\"https:\/\/luontokartoituskorpisuo.fi\/fi\/lajistoselvitykset\/\" data-type=\"page\" data-id=\"464\">Lajistoselvitykset<\/a><br><br><a href=\"https:\/\/luontokartoituskorpisuo.fi\/fi\/luonnonhoitosuunnitelmat\/\" data-type=\"page\" data-id=\"470\">Luonnonhoitosuunnitelmat<\/a><\/p><\/div><\/div><\/div><\/div><\/div><\/div><\/div><\/div><\/section>\n\n\n\n<div class=\"wp-block-group\"><div class=\"wp-block-group__inner-container is-layout-constrained wp-block-group-is-layout-constrained\">\n<div class=\"wp-block-columns is-layout-flex wp-container-core-columns-is-layout-9d6595d7 wp-block-columns-is-layout-flex\">\n<div class=\"wp-block-column is-layout-flow wp-block-column-is-layout-flow\" style=\"flex-basis:100%\"><\/div>\n<\/div>\n<\/div><\/div>\n\n\n\n<section id=\"gm8940a3f\" class=\"wp-block-gutentor-m4 section-gm8940a3f gutentor-module gutentor-advanced-columns has-color-bg has-custom-bg\"><div class=\"grid-container\"><div class=\"grid-row\">\n<div id=\"col-gm29a341\" class=\"wp-block-gutentor-m4-col col-gm29a341 gutentor-single-column  grid-lg-5 grid-md-12 grid-12\"><div id=\"section-gm29a341\" class=\"section-gm29a341 gutentor-col-wrap\">\n<section id=\"gm38b4783\" class=\"wp-block-gutentor-m2 section-gm38b4783 gutentor-module gutentor-dynamic-columns\"><div class=\"grid-container gutentor-rm-ct-space\"><div class=\"grid-row\">\n<div id=\"col-gm9ed33a\" class=\"wp-block-gutentor-m2-col col-gm9ed33a gutentor-module gutentor-dynamic-single-column grid-lg-12 grid-md-6 grid-6\"><div id=\"section-gm9ed33a\" class=\"section-gm9ed33a gutentor-single-col\">\n<div id=\"section-gaddb12\" class=\"wp-block-gutentor-e6 section-gaddb12 gutentor-element gutentor-element-image\"><div class=\"gutentor-element-image-box\"><div class=\"gutentor-image-thumb\"><img decoding=\"async\" class=\"normal-image\" src=\"https:\/\/luontokartoituskorpisuo.fi\/fi\/wp-content\/uploads\/2026\/01\/20260130_123011.jpg\" \/><\/div><\/div><\/div>\n<\/div><\/div>\n<\/div><\/div><\/section>\n<\/div><\/div>\n\n\n\n<div id=\"col-gmc89bec\" class=\"wp-block-gutentor-m4-col col-gmc89bec gutentor-single-column  grid-lg-7 grid-md-12 grid-12\"><div id=\"section-gmc89bec\" class=\"section-gmc89bec gutentor-col-wrap\">\n<p><\/p>\n\n\n\n<h3 class=\"wp-block-heading\">Riitta Korpisuo<\/h3>\n\n\n\n<p class=\"has-medium-font-size\">Luontokartoittaja (EAT) <\/p>\n\n\n\n<p>Vuolteenmets\u00e4ntie 31<\/p>\n\n\n\n<p>04600 M\u00e4nts\u00e4l\u00e4<\/p>\n\n\n\n<p>s-posti: riitta (at) luontokartoituskorpisuo.fi<\/p>\n\n\n\n<p>puhelin: 040 7215 615<\/p>\n\n\n\n<p>Y-tunnus 2609008-3 (Luontokartoitus Korpisuo on SaiRak Oy:n aputoiminimi)<\/p>\n\n\n\n<section id=\"gme1fdf1c\" class=\"wp-block-gutentor-m2 section-gme1fdf1c gutentor-module gutentor-dynamic-columns\"><div class=\"grid-container gutentor-rm-ct-space\"><div class=\"grid-row\">\n<div id=\"col-g-den3den\" class=\"wp-block-gutentor-m2-col col-g-den3den gutentor-module gutentor-dynamic-single-column grid-lg-12 grid-md-6 grid-12\"><div id=\"section-g-den3den\" class=\"section-g-den3den gutentor-single-col\"><\/div><\/div>\n<\/div><\/div><\/section>\n<\/div><\/div>\n<\/div><\/div><\/section>\n","protected":false},"excerpt":{"rendered":"","protected":false},"author":1,"featured_media":0,"parent":0,"menu_order":0,"comment_status":"closed","ping_status":"closed","template":"","meta":{"footnotes":""},"class_list":["post-401","page","type-page","status-publish","hentry"],"_links":{"self":[{"href":"https:\/\/luontokartoituskorpisuo.fi\/fi\/wp-json\/wp\/v2\/pages\/401","targetHints":{"allow":["GET"]}}],"collection":[{"href":"https:\/\/luontokartoituskorpisuo.fi\/fi\/wp-json\/wp\/v2\/pages"}],"about":[{"href":"https:\/\/luontokartoituskorpisuo.fi\/fi\/wp-json\/wp\/v2\/types\/page"}],"author":[{"embeddable":true,"href":"https:\/\/luontokartoituskorpisuo.fi\/fi\/wp-json\/wp\/v2\/users\/1"}],"replies":[{"embeddable":true,"href":"https:\/\/luontokartoituskorpisuo.fi\/fi\/wp-json\/wp\/v2\/comments?post=401"}],"version-history":[{"count":29,"href":"https:\/\/luontokartoituskorpisuo.fi\/fi\/wp-json\/wp\/v2\/pages\/401\/revisions"}],"predecessor-version":[{"id":550,"href":"https:\/\/luontokartoituskorpisuo.fi\/fi\/wp-json\/wp\/v2\/pages\/401\/revisions\/550"}],"wp:attachment":[{"href":"https:\/\/luontokartoituskorpisuo.fi\/fi\/wp-json\/wp\/v2\/media?parent=401"}],"curies":[{"name":"wp","href":"https:\/\/api.w.org\/{rel}","templated":true}]}}