{"id":421,"date":"2026-01-30T19:58:17","date_gmt":"2026-01-30T19:58:17","guid":{"rendered":"https:\/\/luontokartoituskorpisuo.fi\/fi\/?page_id=421"},"modified":"2026-02-11T09:57:02","modified_gmt":"2026-02-11T09:57:02","slug":"luontotyyppiselvitykset","status":"publish","type":"page","link":"https:\/\/luontokartoituskorpisuo.fi\/fi\/luontotyyppiselvitykset\/","title":{"rendered":"Luontotyyppiselvitykset"},"content":{"rendered":"\n<section id=\"gm8940a3f\" class=\"wp-block-gutentor-m4 section-gm8940a3f gutentor-module gutentor-advanced-columns has-color-bg has-custom-bg\"><div class=\"grid-container\"><div class=\"grid-row\">\n<div id=\"col-gm29a341\" class=\"wp-block-gutentor-m4-col col-gm29a341 gutentor-single-column  grid-lg-5 grid-md-12 grid-12\"><div id=\"section-gm29a341\" class=\"section-gm29a341 gutentor-col-wrap\">\n<section id=\"gm38b4783\" class=\"wp-block-gutentor-m2 section-gm38b4783 gutentor-module gutentor-dynamic-columns\"><div class=\"grid-container gutentor-rm-ct-space\"><div class=\"grid-row\">\n<div id=\"col-gm9ed33a\" class=\"wp-block-gutentor-m2-col col-gm9ed33a gutentor-module gutentor-dynamic-single-column grid-lg-12 grid-md-6 grid-6\"><div id=\"section-gm9ed33a\" class=\"section-gm9ed33a gutentor-single-col\">\n<div id=\"section-gaddb12\" class=\"wp-block-gutentor-e6 section-gaddb12 gutentor-element gutentor-element-image\"><div class=\"gutentor-element-image-box\"><div class=\"gutentor-image-thumb\"><img decoding=\"async\" class=\"normal-image\" src=\"https:\/\/luontokartoituskorpisuo.fi\/fi\/wp-content\/uploads\/2026\/01\/perinnebiotooppi.png\" \/><\/div><\/div><\/div>\n<\/div><\/div>\n<\/div><\/div><\/section>\n<\/div><\/div>\n\n\n\n<div id=\"col-gmc89bec\" class=\"wp-block-gutentor-m4-col col-gmc89bec gutentor-single-column  grid-lg-7 grid-md-12 grid-12\"><div id=\"section-gmc89bec\" class=\"section-gmc89bec gutentor-col-wrap\">\n<div id=\"section-g37b9f5\" class=\"wp-block-gutentor-e0 section-g37b9f5 gutentor-element gutentor-element-advanced-text\"><div class=\"gutentor-text-wrap\"><p class=\"gutentor-text\"><br>Luontotyyppiselvityksiss\u00e4 alueen luontotyyppi m\u00e4\u00e4ritet\u00e4\u00e4n kasvilajiston ja muiden tekij\u00f6iden perusteella p\u00e4\u00e4s\u00e4\u00e4nt\u00f6isesti LuTU-luontotyyppin\u00e4. Samalla voidaan tehd\u00e4 havaintoja alueen lajiston monimuotoisuudesta, lahopuun m\u00e4\u00e4r\u00e4st\u00e4, lajistoselvitysten tarpeesta sek\u00e4 siit\u00e4 millaista hoitoa ja \/ tai suojelua alue vaatii. Luontotyyppiselvityksen yhteydess\u00e4 huomioidaan mahdolliset haitalliset vieraskasvit. Selvityksen sis\u00e4lt\u00f6 ja laajuus vaihtelevat  tilaajan tarpeen mukaan. Paikkatietoaineistoissa k\u00e4yt\u00e4mme Qgis-paikkatieto-ohjelmistoa.<br><br>Luontotyyppiselvitykset pohjautuvat virallisiin ohjeisiin ja suosituksiin luontoselvitysten laatimisesta ja luontovaikutusten arvioinnista. Lis\u00e4ksi kohteen mukaan k\u00e4ytet\u00e4\u00e4n tarpeellisia ohjeita ja oppaita. <br><br><br><br><br><br><br><br><br>Alla joitakin luontotyyppiselvityksi\u00e4 ohjaavia oppaita:<br><br>M\u00e4kel\u00e4, K &amp; Salo, P. 2024. Luontoselvitykset ja luontovaikutusten arviointi. Opas tekij\u00e4lle, tilaajalle ja viranomaiselle. Suomen ymp\u00e4rist\u00f6keskuksen raportteja 43\/2023. Suomen ymp\u00e4rist\u00f6keskus.<br><br>Airaksinen, O. &amp; Karttunen, K. 2001. Natura 2000 -luontotyyppiopas. Ymp\u00e4rist\u00f6opas 46\/2001. Suomen ymp\u00e4rist\u00f6keskus.<br> <br>Kemppainen, R. 2017. Perinnebiotooppien inventointiohje. Raportteja 25\/2017. Varsinais-Suomen ELY-keskus.<br><br>Jalkanen, J., Nieminen, E. &amp;  Ahola, A. (uusin). Luontotyyppien ekologisen tilan arviointi ekologisessa kompensaatiossa.<br><br>Kassi, T., Jalkanen, J., Pursiainen, A.,\u00a0Mahlio, O., Hannula, A., Huttunen, J., Nieminen, E., Halme, P., Tuomisaari, E., L\u00e4hde, E.\u00a0(2025).\u00a0Rakennetun ymp\u00e4rist\u00f6n luontotyypit ja niiden ekologisen tilan arviointi.\u00a0<br><br><br><br><\/p><\/div><\/div>\n<\/div><\/div>\n<\/div><\/div><\/section>\n","protected":false},"excerpt":{"rendered":"","protected":false},"author":1,"featured_media":0,"parent":0,"menu_order":0,"comment_status":"closed","ping_status":"closed","template":"","meta":{"footnotes":""},"class_list":["post-421","page","type-page","status-publish","hentry"],"_links":{"self":[{"href":"https:\/\/luontokartoituskorpisuo.fi\/fi\/wp-json\/wp\/v2\/pages\/421","targetHints":{"allow":["GET"]}}],"collection":[{"href":"https:\/\/luontokartoituskorpisuo.fi\/fi\/wp-json\/wp\/v2\/pages"}],"about":[{"href":"https:\/\/luontokartoituskorpisuo.fi\/fi\/wp-json\/wp\/v2\/types\/page"}],"author":[{"embeddable":true,"href":"https:\/\/luontokartoituskorpisuo.fi\/fi\/wp-json\/wp\/v2\/users\/1"}],"replies":[{"embeddable":true,"href":"https:\/\/luontokartoituskorpisuo.fi\/fi\/wp-json\/wp\/v2\/comments?post=421"}],"version-history":[{"count":17,"href":"https:\/\/luontokartoituskorpisuo.fi\/fi\/wp-json\/wp\/v2\/pages\/421\/revisions"}],"predecessor-version":[{"id":512,"href":"https:\/\/luontokartoituskorpisuo.fi\/fi\/wp-json\/wp\/v2\/pages\/421\/revisions\/512"}],"wp:attachment":[{"href":"https:\/\/luontokartoituskorpisuo.fi\/fi\/wp-json\/wp\/v2\/media?parent=421"}],"curies":[{"name":"wp","href":"https:\/\/api.w.org\/{rel}","templated":true}]}}