{"id":464,"date":"2026-02-09T17:11:50","date_gmt":"2026-02-09T17:11:50","guid":{"rendered":"https:\/\/luontokartoituskorpisuo.fi\/fi\/?page_id=464"},"modified":"2026-02-12T19:11:59","modified_gmt":"2026-02-12T19:11:59","slug":"lajistoselvitykset","status":"publish","type":"page","link":"https:\/\/luontokartoituskorpisuo.fi\/fi\/lajistoselvitykset\/","title":{"rendered":"Lajistoselvitykset"},"content":{"rendered":"\n<section id=\"gm8940a3f\" class=\"wp-block-gutentor-m4 section-gm8940a3f gutentor-module gutentor-advanced-columns has-color-bg has-custom-bg\"><div class=\"grid-container\"><div class=\"grid-row\">\n<div id=\"col-gm29a341\" class=\"wp-block-gutentor-m4-col col-gm29a341 gutentor-single-column  grid-lg-5 grid-md-12 grid-12\"><div id=\"section-gm29a341\" class=\"section-gm29a341 gutentor-col-wrap\">\n<section id=\"gm38b4783\" class=\"wp-block-gutentor-m2 section-gm38b4783 gutentor-module gutentor-dynamic-columns\"><div class=\"grid-container gutentor-rm-ct-space\"><div class=\"grid-row\">\n<div id=\"col-gm9ed33a\" class=\"wp-block-gutentor-m2-col col-gm9ed33a gutentor-module gutentor-dynamic-single-column grid-lg-12 grid-md-6 grid-6\"><div id=\"section-gm9ed33a\" class=\"section-gm9ed33a gutentor-single-col\">\n<figure class=\"wp-block-image size-large\"><img loading=\"lazy\" decoding=\"async\" width=\"1024\" height=\"498\" src=\"https:\/\/luontokartoituskorpisuo.fi\/fi\/wp-content\/uploads\/2026\/02\/20240328_100143-1-1024x498.png\" alt=\"\" class=\"wp-image-528\" srcset=\"https:\/\/luontokartoituskorpisuo.fi\/fi\/wp-content\/uploads\/2026\/02\/20240328_100143-1-1024x498.png 1024w, https:\/\/luontokartoituskorpisuo.fi\/fi\/wp-content\/uploads\/2026\/02\/20240328_100143-1-300x146.png 300w, https:\/\/luontokartoituskorpisuo.fi\/fi\/wp-content\/uploads\/2026\/02\/20240328_100143-1-768x373.png 768w, https:\/\/luontokartoituskorpisuo.fi\/fi\/wp-content\/uploads\/2026\/02\/20240328_100143-1.png 1210w\" sizes=\"auto, (max-width: 1024px) 100vw, 1024px\" \/><\/figure>\n\n\n\n<figure class=\"wp-block-image size-large\"><img loading=\"lazy\" decoding=\"async\" width=\"1024\" height=\"473\" src=\"https:\/\/luontokartoituskorpisuo.fi\/fi\/wp-content\/uploads\/2026\/02\/20250819_095435-1024x473.png\" alt=\"\" class=\"wp-image-517\" srcset=\"https:\/\/luontokartoituskorpisuo.fi\/fi\/wp-content\/uploads\/2026\/02\/20250819_095435-1024x473.png 1024w, https:\/\/luontokartoituskorpisuo.fi\/fi\/wp-content\/uploads\/2026\/02\/20250819_095435-300x139.png 300w, https:\/\/luontokartoituskorpisuo.fi\/fi\/wp-content\/uploads\/2026\/02\/20250819_095435-768x355.png 768w, https:\/\/luontokartoituskorpisuo.fi\/fi\/wp-content\/uploads\/2026\/02\/20250819_095435.png 1200w\" sizes=\"auto, (max-width: 1024px) 100vw, 1024px\" \/><\/figure>\n\n\n\n<figure class=\"wp-block-image size-large\"><img loading=\"lazy\" decoding=\"async\" width=\"1024\" height=\"473\" src=\"https:\/\/luontokartoituskorpisuo.fi\/fi\/wp-content\/uploads\/2026\/02\/20250820_115550-1024x473.png\" alt=\"\" class=\"wp-image-518\" srcset=\"https:\/\/luontokartoituskorpisuo.fi\/fi\/wp-content\/uploads\/2026\/02\/20250820_115550-1024x473.png 1024w, https:\/\/luontokartoituskorpisuo.fi\/fi\/wp-content\/uploads\/2026\/02\/20250820_115550-300x139.png 300w, https:\/\/luontokartoituskorpisuo.fi\/fi\/wp-content\/uploads\/2026\/02\/20250820_115550-768x355.png 768w, https:\/\/luontokartoituskorpisuo.fi\/fi\/wp-content\/uploads\/2026\/02\/20250820_115550.png 1200w\" sizes=\"auto, (max-width: 1024px) 100vw, 1024px\" \/><\/figure>\n<\/div><\/div>\n<\/div><\/div><\/section>\n<\/div><\/div>\n\n\n\n<div id=\"col-gmc89bec\" class=\"wp-block-gutentor-m4-col col-gmc89bec gutentor-single-column  grid-lg-7 grid-md-12 grid-12\"><div id=\"section-gmc89bec\" class=\"section-gmc89bec gutentor-col-wrap\">\n<div id=\"section-g37b9f5\" class=\"wp-block-gutentor-e0 section-g37b9f5 gutentor-element gutentor-element-advanced-text\"><div class=\"gutentor-text-wrap\"><p class=\"gutentor-text\"><br>Lajistoselvityksill\u00e4 varmistetaan, ett\u00e4 huomionarvoiset lajit ja niiden elinymp\u00e4rist\u00f6t otetaan huomioon.  Osa lajeistamme on EU:n luontodirektiivien suojelemia, toisten lajien suojeluperusteena on kansallinen lains\u00e4\u00e4d\u00e4nt\u00f6. Luontodirektiivin liitteeseen IV(a) kuuluvien el\u00e4inlajien tappaminen, pyydyst\u00e4minen ja tahallinen h\u00e4iritseminen on kielletty\u00e4. Niiden lis\u00e4\u00e4ntymis- ja lev\u00e4hdyspaikkoja ei saa my\u00f6sk\u00e4\u00e4n heikent\u00e4\u00e4. <br><br>Maastoty\u00f6t toteutetaan kullekin lajille soveltuvina ajankohtina vakiintuneiden menetelmien ja lajeista annettujen ohjeistusten mukaisesti ja ty\u00f6 raportoidaan sovitusti huomioiden selvityksen tulokset, selvitetyn el\u00e4inlajin mahdolliset lis\u00e4\u00e4ntymis- ja lev\u00e4hdyspaikat sek\u00e4 suositukset selvityksen perusteella. Paikkatietoaineistoissa k\u00e4yt\u00e4mme Qgis-paikkatieto-ohjelmistoa.<br><br><br><br><strong>Teemme mm:<\/strong><br>Liito-oravakartoituksia<br>Viitasammakkoselvityksi\u00e4<br>Vuollejokisimpukkaselvityksi\u00e4 haramenetelm\u00e4ll\u00e4<br><br><br><br>Liito-orava (<em>Pteromys volans<\/em>) on luontodirektiivin IV (a)- liitteen suojaama laji.  Liito-oravaselvitys tehd\u00e4\u00e4n kev\u00e4ttalvella, jolloin liito-oravan j\u00e4t\u00f6kset eli papanat ovat keltaisia ja l\u00f6ytyv\u00e4t helpoimmin.<br><br>Viitasammakko (<em>Rana arvalis<\/em>) on my\u00f6s luontodirektiivin IV (a)- liitteen suojaama laji. <br>Etel\u00e4-Suomessa viitasammakkoselvitys tehd\u00e4\u00e4n huhtikuun-toukokuun vaihteessa riippuen kev\u00e4\u00e4n etenemisest\u00e4, pohjoisempana joitain viikkoja my\u00f6hemmin. Kutuaika on yleens\u00e4 lyhyt ja selvitysajankohdan oikea ajoittaminen vaatii tilanteen seuraamista.  <br><br>Vuollejokisimpukka (<em>Unio crassus<\/em>) kuuluu my\u00f6s luontodirektiivin IV (a)- liitteen suojaamiin lajeihin. Vuollejokisimpukkaselvityksi\u00e4 voidaan tehd\u00e4 joko sukeltamalla tai haramenetelm\u00e4ll\u00e4.  Haramenetelm\u00e4 vaatii matalan vedenkorkeuden ja ajoitetaan yleens\u00e4 kuivan kauden loppupuolelle. Haramenetelm\u00e4ss\u00e4 tutkitaan pohjaa my\u00f6s k\u00e4sin.  Vuollejokisimpukkaselvitys vaatii Lupa- ja valvontaviraston poikkeusluvan. <br><br><\/p><\/div><\/div>\n<\/div><\/div>\n<\/div><\/div><\/section>\n","protected":false},"excerpt":{"rendered":"","protected":false},"author":1,"featured_media":0,"parent":0,"menu_order":0,"comment_status":"closed","ping_status":"closed","template":"","meta":{"footnotes":""},"class_list":["post-464","page","type-page","status-publish","hentry"],"_links":{"self":[{"href":"https:\/\/luontokartoituskorpisuo.fi\/fi\/wp-json\/wp\/v2\/pages\/464","targetHints":{"allow":["GET"]}}],"collection":[{"href":"https:\/\/luontokartoituskorpisuo.fi\/fi\/wp-json\/wp\/v2\/pages"}],"about":[{"href":"https:\/\/luontokartoituskorpisuo.fi\/fi\/wp-json\/wp\/v2\/types\/page"}],"author":[{"embeddable":true,"href":"https:\/\/luontokartoituskorpisuo.fi\/fi\/wp-json\/wp\/v2\/users\/1"}],"replies":[{"embeddable":true,"href":"https:\/\/luontokartoituskorpisuo.fi\/fi\/wp-json\/wp\/v2\/comments?post=464"}],"version-history":[{"count":9,"href":"https:\/\/luontokartoituskorpisuo.fi\/fi\/wp-json\/wp\/v2\/pages\/464\/revisions"}],"predecessor-version":[{"id":529,"href":"https:\/\/luontokartoituskorpisuo.fi\/fi\/wp-json\/wp\/v2\/pages\/464\/revisions\/529"}],"wp:attachment":[{"href":"https:\/\/luontokartoituskorpisuo.fi\/fi\/wp-json\/wp\/v2\/media?parent=464"}],"curies":[{"name":"wp","href":"https:\/\/api.w.org\/{rel}","templated":true}]}}