{"id":470,"date":"2026-02-11T09:16:57","date_gmt":"2026-02-11T09:16:57","guid":{"rendered":"https:\/\/luontokartoituskorpisuo.fi\/fi\/?page_id=470"},"modified":"2026-02-12T18:51:34","modified_gmt":"2026-02-12T18:51:34","slug":"luonnonhoitosuunnitelmat","status":"publish","type":"page","link":"https:\/\/luontokartoituskorpisuo.fi\/fi\/luonnonhoitosuunnitelmat\/","title":{"rendered":"Luonnonhoitosuunnitelmat"},"content":{"rendered":"\n<section id=\"gm8940a3f\" class=\"wp-block-gutentor-m4 section-gm8940a3f gutentor-module gutentor-advanced-columns has-color-bg has-custom-bg\"><div class=\"grid-container\"><div class=\"grid-row\">\n<div id=\"col-gm29a341\" class=\"wp-block-gutentor-m4-col col-gm29a341 gutentor-single-column  grid-lg-5 grid-md-12 grid-12\"><div id=\"section-gm29a341\" class=\"section-gm29a341 gutentor-col-wrap\">\n<section id=\"gm38b4783\" class=\"wp-block-gutentor-m2 section-gm38b4783 gutentor-module gutentor-dynamic-columns\"><div class=\"grid-container gutentor-rm-ct-space\"><div class=\"grid-row\">\n<div id=\"col-gm9ed33a\" class=\"wp-block-gutentor-m2-col col-gm9ed33a gutentor-module gutentor-dynamic-single-column grid-lg-12 grid-md-6 grid-6\"><div id=\"section-gm9ed33a\" class=\"section-gm9ed33a gutentor-single-col\">\n<div id=\"section-gaddb12\" class=\"wp-block-gutentor-e6 section-gaddb12 gutentor-element gutentor-element-image\"><div class=\"gutentor-element-image-box\"><div class=\"gutentor-image-thumb\"><img decoding=\"async\" class=\"normal-image\" src=\"https:\/\/luontokartoituskorpisuo.fi\/fi\/wp-content\/uploads\/2026\/02\/20250924_132710.png\" \/><\/div><\/div><\/div>\n<\/div><\/div>\n\n\n\n<div id=\"col-g-bnixtkk\" class=\"wp-block-gutentor-m2-col col-g-bnixtkk gutentor-module gutentor-dynamic-single-column grid-lg-12 grid-md-6 grid-6\"><div id=\"section-g-bnixtkk\" class=\"section-g-bnixtkk gutentor-single-col\"><\/div><\/div>\n\n\n\n<div id=\"col-g-9t7r11u\" class=\"wp-block-gutentor-m2-col col-g-9t7r11u gutentor-module gutentor-dynamic-single-column grid-lg-12 grid-md-6 grid-6\"><div id=\"section-g-9t7r11u\" class=\"section-g-9t7r11u gutentor-single-col\"><\/div><\/div>\n<\/div><\/div><\/section>\n<\/div><\/div>\n\n\n\n<div id=\"col-gmc89bec\" class=\"wp-block-gutentor-m4-col col-gmc89bec gutentor-single-column  grid-lg-7 grid-md-12 grid-12\"><div id=\"section-gmc89bec\" class=\"section-gmc89bec gutentor-col-wrap\">\n<div id=\"section-g37b9f5\" class=\"wp-block-gutentor-e0 section-g37b9f5 gutentor-element gutentor-element-advanced-text\"><div class=\"gutentor-text-wrap\"><p class=\"gutentor-text\"><\/p><\/div><\/div>\n\n\n\n<p>Luonnonhoitosuunnitelma perustuu maastossa tehtyyn luontotyyppiselvitykseen, sen t\u00e4ydennyksiin ja muuhun&nbsp;saatavilla olevaan ja hankittuun tietoon.<\/p>\n\n\n\n<p>Hoidon tavoite riippuu luontotyypist\u00e4, tavoitteena on kunkin luontotyypin tilan parantaminen siihen parhaiten soveltuvin keinoin. Luonnonhoitosuunnitelmaan kirjataan luonnonhoitotarpeet, hoidon tavoite ja suunnitelma sen toteuttamikseksi. Paikkatietoaineistoissa k\u00e4yt\u00e4mme Qgis-paikkatieto-ohjelmistoa.<\/p>\n\n\n\n<p>Esimerksiksi keto- ja niittyluontotyypeill\u00e4 hoidon tavoitteena on niiden pit\u00e4minen avoimena. Se voi tapahtua laiduntamalla tai niitt\u00e4m\u00e4ll\u00e4, jolloin niittoj\u00e4te ker\u00e4t\u00e4\u00e4n pois. <\/p>\n\n\n\n<p>Haitallisten vieraskasvilajien osalta luonnonhoito suunnitellaan paikka ja lajikohtaisesti, sill\u00e4 esimerkiksi j\u00e4ttipalsamin torjunta vaatii erilaisia toimenpiteit\u00e4 kuin j\u00e4ttiputken torjunta.<\/p>\n\n\n\n<p><\/p>\n\n\n\n<p><strong>LUONNONHOITOTY\u00d6T<\/strong><\/p>\n\n\n\n<p>Kontaktiemme kautta on mahdollista toteuttaa my\u00f6s tarvittavat luonnonhoitoty\u00f6t muun muuassa vaativista puunkaadoista laidunaitojen tekemiseen.<\/p>\n<\/div><\/div>\n<\/div><\/div><\/section>\n","protected":false},"excerpt":{"rendered":"","protected":false},"author":1,"featured_media":0,"parent":0,"menu_order":0,"comment_status":"closed","ping_status":"closed","template":"","meta":{"footnotes":""},"class_list":["post-470","page","type-page","status-publish","hentry"],"_links":{"self":[{"href":"https:\/\/luontokartoituskorpisuo.fi\/fi\/wp-json\/wp\/v2\/pages\/470","targetHints":{"allow":["GET"]}}],"collection":[{"href":"https:\/\/luontokartoituskorpisuo.fi\/fi\/wp-json\/wp\/v2\/pages"}],"about":[{"href":"https:\/\/luontokartoituskorpisuo.fi\/fi\/wp-json\/wp\/v2\/types\/page"}],"author":[{"embeddable":true,"href":"https:\/\/luontokartoituskorpisuo.fi\/fi\/wp-json\/wp\/v2\/users\/1"}],"replies":[{"embeddable":true,"href":"https:\/\/luontokartoituskorpisuo.fi\/fi\/wp-json\/wp\/v2\/comments?post=470"}],"version-history":[{"count":6,"href":"https:\/\/luontokartoituskorpisuo.fi\/fi\/wp-json\/wp\/v2\/pages\/470\/revisions"}],"predecessor-version":[{"id":524,"href":"https:\/\/luontokartoituskorpisuo.fi\/fi\/wp-json\/wp\/v2\/pages\/470\/revisions\/524"}],"wp:attachment":[{"href":"https:\/\/luontokartoituskorpisuo.fi\/fi\/wp-json\/wp\/v2\/media?parent=470"}],"curies":[{"name":"wp","href":"https:\/\/api.w.org\/{rel}","templated":true}]}}